{"id":14335,"date":"2024-07-05T08:50:00","date_gmt":"2024-07-05T08:50:00","guid":{"rendered":"https:\/\/umfcd.ro\/en\/?page_id=14335"},"modified":"2024-07-05T08:52:49","modified_gmt":"2024-07-05T08:52:49","slug":"etudes-de-licence-faculte-de-pharmacie-annee-academique-2024-2025","status":"publish","type":"page","link":"https:\/\/umfcd.ro\/en\/international-students\/etudes-de-licence-faculte-de-pharmacie-annee-academique-2024-2025\/","title":{"rendered":"\u00c9tudes de licence \u2013 Facult\u00e9 de Pharmacie Ann\u00e9e acad\u00e9mique 2024-2025"},"content":{"rendered":"","protected":false},"excerpt":{"rendered":"","protected":false},"author":3,"featured_media":0,"parent":8534,"menu_order":0,"comment_status":"closed","ping_status":"closed","template":"","meta":{"footnotes":""},"class_list":["post-14335","page","type-page","status-publish","hentry"],"_links":{"self":[{"href":"https:\/\/umfcd.ro\/en\/wp-json\/wp\/v2\/pages\/14335","targetHints":{"allow":["GET"]}}],"collection":[{"href":"https:\/\/umfcd.ro\/en\/wp-json\/wp\/v2\/pages"}],"about":[{"href":"https:\/\/umfcd.ro\/en\/wp-json\/wp\/v2\/types\/page"}],"author":[{"embeddable":true,"href":"https:\/\/umfcd.ro\/en\/wp-json\/wp\/v2\/users\/3"}],"replies":[{"embeddable":true,"href":"https:\/\/umfcd.ro\/en\/wp-json\/wp\/v2\/comments?post=14335"}],"version-history":[{"count":0,"href":"https:\/\/umfcd.ro\/en\/wp-json\/wp\/v2\/pages\/14335\/revisions"}],"up":[{"embeddable":true,"href":"https:\/\/umfcd.ro\/en\/wp-json\/wp\/v2\/pages\/8534"}],"wp:attachment":[{"href":"https:\/\/umfcd.ro\/en\/wp-json\/wp\/v2\/media?parent=14335"}],"curies":[{"name":"wp","href":"https:\/\/api.w.org\/{rel}","templated":true}]}}